{"id":248,"date":"2021-05-18T17:15:23","date_gmt":"2021-05-18T15:15:23","guid":{"rendered":"https:\/\/stage-visitvarmland-com.visitvarmland-frojdwebsites.se\/karlstad\/?page_id=248"},"modified":"2025-02-03T10:52:30","modified_gmt":"2025-02-03T09:52:30","slug":"besoksinfo","status":"publish","type":"page","link":"https:\/\/stage-visitvarmland-com.visitvarmland-frojdwebsites.se\/karlstad\/besoksinfo\/","title":{"rendered":"Turistinformation"},"content":{"rendered":"\n<div class=\"wp-block-atheme-component-cta atheme-wrapper--full\"><div class=\"atheme-components-cta--decoration-right\"><\/div><div class=\"atheme-components-cta--decoration-left\"><\/div><div class=\"atheme-components-cta\" style=\"height:600px;min-height:300px;background-image:url( https:\/\/stage-visitvarmland-com.visitvarmland-frojdwebsites.se\/karlstad\/wp-content\/uploads\/sites\/11\/2021\/05\/Batbuss-190610-Christine-Holm.jpg );background-size:cover;background-position:center center;background-attachment:scroll\"><div class=\"atheme-components-cta--overlay\"> <\/div><div class=\"atheme-components-cta--text\"><div><h3>V\u00e4lkommen till Karlstad<\/h3><p>I Karlstad bjuds du p\u00e5 skratt, v\u00e4rme och nya ber\u00e4ttelser att ta med dig hem.<\/p><div class=\"atheme-components-cta--text-border\"><\/div><\/div><\/div><\/div><\/div>\n\n\n\n<h2 class=\"wp-block-heading\">Ladda ner kartor \u00f6ver Karlstad<\/h2>\n\n\n\n<p>V\u00e4lkommen att ladda ner kartor i PDF-format inf\u00f6r och under ditt bes\u00f6k i Karlstad. H\u00e4r kan du l\u00e4sa om aktiviteter, sev\u00e4rdheter och boenden i Karlstad.<\/p>\n\n\n\n<p>Om du hellre vill best\u00e4lla hem en fysisk trycksak kan du g\u00f6ra det via nedanst\u00e5ende l\u00e4nk.<br><a rel=\"noreferrer noopener\" href=\"http:\/\/fm.isydistribution.se\/Broschyr\/FV1.lasso?Lnr=C91049&amp;Knr=10119&amp;Sprak=Sv\" target=\"_blank\">Best\u00e4ll kartor om Karlstad via den h\u00e4r l\u00e4nken. \u00d6ppnas i ett nytt f\u00f6nster.<\/a><\/p>\n\n\n\n<h3 class=\"wp-block-heading\">Karlstadskartor 2025 <\/h3>\n\n\n\n<p>H\u00e4r kan du ladda ner Karlstadskartan d\u00e4r du ser hela Karlstads kommun och Centrumkartan som fokuserar p\u00e5 centrala Karlstad.<\/p>\n\n\n\n<p><strong>Ladda ner Karlstadskartan 2025 som PDF<\/strong><\/p>\n\n\n\n<figure class=\"wp-block-image size-full\"><img loading=\"lazy\" decoding=\"async\" width=\"162\" height=\"200\" src=\"https:\/\/stage-visitvarmland-com.visitvarmland-frojdwebsites.se\/karlstad\/wp-content\/uploads\/sites\/11\/2025\/01\/Framsida_karlstadskartan_2025_200px.jpg\" alt=\"\" class=\"wp-image-3306\" srcset=\"https:\/\/stage-visitvarmland-com.visitvarmland-frojdwebsites.se\/app\/uploads\/sites\/11\/2025\/01\/Framsida_karlstadskartan_2025_200px.jpg 162w, https:\/\/stage-visitvarmland-com.visitvarmland-frojdwebsites.se\/app\/uploads\/sites\/11\/2025\/01\/Framsida_karlstadskartan_2025_200px-122x150.jpg 122w\" sizes=\"auto, (max-width: 162px) 100vw, 162px\" \/><\/figure>\n\n\n\n<div class=\"wp-block-file\"><a id=\"wp-block-file--media-f8e1d3f6-e987-4fd8-982f-9b99d3b7f46b\" href=\"https:\/\/stage-visitvarmland-com.visitvarmland-frojdwebsites.se\/karlstad\/wp-content\/uploads\/sites\/11\/2025\/01\/Karlstadskartan_2025.pdf\" target=\"_blank\" rel=\"noreferrer noopener\">Karlstadskartan_2025<\/a><a href=\"https:\/\/stage-visitvarmland-com.visitvarmland-frojdwebsites.se\/karlstad\/wp-content\/uploads\/sites\/11\/2025\/01\/Karlstadskartan_2025.pdf\" class=\"wp-block-file__button wp-element-button\" aria-describedby=\"wp-block-file--media-f8e1d3f6-e987-4fd8-982f-9b99d3b7f46b\" download>Ladda ner<\/a><\/div>\n\n\n\n<p><\/p>\n\n\n\n<p><strong>Ladda ner Centrumkartan 2025 som PDF<\/strong><\/p>\n\n\n\n<figure class=\"wp-block-image size-full\"><img loading=\"lazy\" decoding=\"async\" width=\"96\" height=\"200\" src=\"https:\/\/stage-visitvarmland-com.visitvarmland-frojdwebsites.se\/karlstad\/wp-content\/uploads\/sites\/11\/2025\/01\/Framsida_karlstad_city_kartan_2025_200px.jpg\" alt=\"\" class=\"wp-image-3307\" srcset=\"https:\/\/stage-visitvarmland-com.visitvarmland-frojdwebsites.se\/app\/uploads\/sites\/11\/2025\/01\/Framsida_karlstad_city_kartan_2025_200px.jpg 96w, https:\/\/stage-visitvarmland-com.visitvarmland-frojdwebsites.se\/app\/uploads\/sites\/11\/2025\/01\/Framsida_karlstad_city_kartan_2025_200px-72x150.jpg 72w\" sizes=\"auto, (max-width: 96px) 100vw, 96px\" \/><\/figure>\n\n\n\n<div class=\"wp-block-file\"><a id=\"wp-block-file--media-d8ec91ea-ceb4-40e9-bb4b-49fd474575c9\" href=\"https:\/\/stage-visitvarmland-com.visitvarmland-frojdwebsites.se\/karlstad\/wp-content\/uploads\/sites\/11\/2025\/01\/Karlstad_city_kartan_2025.pdf\" target=\"_blank\" rel=\"noreferrer noopener\">Karlstad_city_kartan_2025<\/a><a href=\"https:\/\/stage-visitvarmland-com.visitvarmland-frojdwebsites.se\/karlstad\/wp-content\/uploads\/sites\/11\/2025\/01\/Karlstad_city_kartan_2025.pdf\" class=\"wp-block-file__button wp-element-button\" aria-describedby=\"wp-block-file--media-d8ec91ea-ceb4-40e9-bb4b-49fd474575c9\" download>Ladda ner<\/a><\/div>\n\n\n\n<h2 class=\"wp-block-heading\">Bes\u00f6ksserviceplatser i Karlstad<\/h2>\n\n\n\n<p>F\u00f6r att du l\u00e4tt ska f\u00e5 hj\u00e4lp med dina fr\u00e5gor och kunna h\u00e4mta turistkartor s\u00e5 har vi 28 stycken bes\u00f6ksserviceplatser som ligger utspridda \u00f6ver hela Karlstad. Se listan h\u00e4r nedan f\u00f6r att kunna f\u00e5 hj\u00e4lp n\u00e4ra dig. Varmt v\u00e4lkommen.<\/p>\n\n\n\n<p><strong>Alsters herrg\u00e5rd<\/strong><br>Alsters herrg\u00e5rdsv\u00e4g 3<br>054-540 23 50<\/p>\n\n\n\n<p><strong>Best Western Gustaf Fr\u00f6ding Hotell &amp; Konferens<\/strong><br>H\u00f6jdgatan 3<br>054-67 00 00<\/p>\n\n\n\n<p><strong>Best Western Hotel River C<\/strong><br>Tage Erlandergatan 10<br>054-22 22 20<\/p>\n\n\n\n<p><strong>Best Western Hotel Savoy<\/strong><br>V\u00e4stra Torggatan 1<br>054-15 66 40<\/p>\n\n\n\n<p><strong>Brigadmuseum<\/strong><br>Sandb\u00e4cksgatan 31<br>054-15 80 60<\/p>\n\n\n\n<p><strong>Carlstad City Hostel<\/strong><br>J\u00e4rnv\u00e4gsgatan 8<br>054-21 65 60<\/p>\n\n\n\n<p><strong>Elite Stadshotellet<\/strong><br>Kungsgatan 22<br>054-29 30 00<\/p>\n\n\n\n<p><strong>First Camp Skutberget-Karlstad<\/strong><br>Skutbergsv\u00e4gen 315<br>054-53 51 30<\/p>\n\n\n\n<p><strong>Good Morning Karlstad City<\/strong><br>V\u00e4stra Torggatan 20<br>054-17 28 30<\/p>\n\n\n\n<p><strong>Home Hotel Bilan<\/strong><br>Karlbergsgatan 3<br>054-10 03 00<\/p>\n\n\n\n<p><strong>Home Hotel Drott<\/strong><br>J\u00e4rnv\u00e4gsgatan 1<br>054-10 10 10<\/p>\n\n\n\n<p><strong>Home Hotel Plaza<\/strong><br>V\u00e4stra Torggatan 2<br>054-10 02 00<\/p>\n\n\n\n<p><strong>Hotell Nova<\/strong><br>Ventilgatan 1B<br>054-56 00 80<\/p>\n\n\n\n<p><strong>Karlstad CCC<\/strong><br>Tage Erlandergatan 8A<br>054-22 21 00<\/p>\n\n\n\n<p><strong>Karlstad Sightseeing (under sommars\u00e4songen)<\/strong><br>Stora torget<br>070-625 75 60<\/p>\n\n\n\n<p><strong>Karlstads g\u00e4sthamn (Inre hamn)<\/strong><br>Tyn\u00e4sgatan 8, Magasin 2<br>054-540 67 56<\/p>\n\n\n\n<p><strong>Liljen\u00e4s G\u00e5rd<\/strong><br>Liljen\u00e4s 210<br>664 94 V\u00e5lberg<\/p>\n\n\n\n<p><strong>Motionscentralen<\/strong><br>Skutbergets friluftsomr\u00e5de<br>054-540 70 74<\/p>\n\n\n\n<p><strong>Mariebergsskogen<\/strong><br>Treffenbergsv\u00e4gen<br>054-540 27 50<\/p>\n\n\n\n<p><strong>Scandic Karlstad City<\/strong><br>Drottninggatan 4<br>054-770 55 00<\/p>\n\n\n\n<p><strong>Scandic Klar\u00e4lven<\/strong><br>Sandb\u00e4cksgatan 6<br>054-776 45 00<\/p>\n\n\n\n<p><strong>Scandic Winn<\/strong><br>Norra Strandgatan 9\u201311<br>054-776 47 00<\/p>\n\n\n\n<p><strong>Solakoop B&amp;B<\/strong><br>Sandb\u00e4cksgatan 33<br>054-15 81 05<\/p>\n\n\n\n<p><strong>Solsta Hotell<\/strong><br>Drottninggatan 13<br>054-15 68 45<\/p>\n\n\n\n<p><strong>Swecamp Bomstadbaden<\/strong><br>Bomstadsv\u00e4gen 640<br>054-53 50 68<\/p>\n\n\n\n<p><strong>V\u00e4rmlands Museum<\/strong><br>Sandgrundsudden<br>054-701 19 00<\/p>\n\n\n\n<p><strong>V\u00e4skshopen<\/strong><br>V\u00e4stra Torggatan 14<br>054-188 120<\/p>\n\n\n\n<p><strong>Wermland Opera<\/strong><br>Malmtorgsgatan 2<br>054-21 03 90<\/p>\n","protected":false},"excerpt":{"rendered":"<p>Ladda ner kartor \u00f6ver Karlstad V\u00e4lkommen att ladda ner kartor i PDF-format inf\u00f6r och under ditt bes\u00f6k i Karlstad. H\u00e4r kan du l\u00e4sa om aktiviteter, sev\u00e4rdheter och boenden i Karlstad. Om du hellre vill best\u00e4lla hem en fysisk trycksak kan du g\u00f6ra det via nedanst\u00e5ende l\u00e4nk.Best\u00e4ll kartor om Karlstad via den h\u00e4r l\u00e4nken. \u00d6ppnas i [&hellip;]<\/p>\n","protected":false},"author":3,"featured_media":0,"parent":0,"menu_order":0,"comment_status":"closed","ping_status":"closed","template":"","meta":{"_acf_changed":false,"footnotes":""},"class_list":["post-248","page","type-page","status-publish","hentry"],"acf":[],"lang":"sv","translations":{"sv":248},"pll_sync_post":[],"_links":{"self":[{"href":"https:\/\/stage-visitvarmland-com.visitvarmland-frojdwebsites.se\/karlstad\/wp-json\/wp\/v2\/pages\/248","targetHints":{"allow":["GET"]}}],"collection":[{"href":"https:\/\/stage-visitvarmland-com.visitvarmland-frojdwebsites.se\/karlstad\/wp-json\/wp\/v2\/pages"}],"about":[{"href":"https:\/\/stage-visitvarmland-com.visitvarmland-frojdwebsites.se\/karlstad\/wp-json\/wp\/v2\/types\/page"}],"author":[{"embeddable":true,"href":"https:\/\/stage-visitvarmland-com.visitvarmland-frojdwebsites.se\/karlstad\/wp-json\/wp\/v2\/users\/3"}],"replies":[{"embeddable":true,"href":"https:\/\/stage-visitvarmland-com.visitvarmland-frojdwebsites.se\/karlstad\/wp-json\/wp\/v2\/comments?post=248"}],"version-history":[{"count":38,"href":"https:\/\/stage-visitvarmland-com.visitvarmland-frojdwebsites.se\/karlstad\/wp-json\/wp\/v2\/pages\/248\/revisions"}],"predecessor-version":[{"id":3318,"href":"https:\/\/stage-visitvarmland-com.visitvarmland-frojdwebsites.se\/karlstad\/wp-json\/wp\/v2\/pages\/248\/revisions\/3318"}],"wp:attachment":[{"href":"https:\/\/stage-visitvarmland-com.visitvarmland-frojdwebsites.se\/karlstad\/wp-json\/wp\/v2\/media?parent=248"}],"curies":[{"name":"wp","href":"https:\/\/api.w.org\/{rel}","templated":true}]}}